{"id":19,"date":"2019-12-10T19:49:20","date_gmt":"2019-12-10T18:49:20","guid":{"rendered":"http:\/\/czystedywany.net\/?page_id=19"},"modified":"2025-01-08T12:43:17","modified_gmt":"2025-01-08T11:43:17","slug":"cennik","status":"publish","type":"page","link":"https:\/\/czystedywany.net\/index.php\/cennik\/","title":{"rendered":"Cennik"},"content":{"rendered":"<p>[et_pb_section fb_built=&#8221;1&#8243; fullwidth=&#8221;on&#8221; _builder_version=&#8221;4.16&#8243; global_colors_info=&#8221;{}&#8221;][et_pb_fullwidth_header title=&#8221;Pranie dywan\u00f3w &#8211; us\u0142ugi podstawowe&#8221; text_orientation=&#8221;center&#8221; _builder_version=&#8221;4.16&#8243; background_color=&#8221;#095329&#8243; global_colors_info=&#8221;{}&#8221;][\/et_pb_fullwidth_header][\/et_pb_section][et_pb_section fb_built=&#8221;1&#8243; _builder_version=&#8221;4.16&#8243; global_colors_info=&#8221;{}&#8221;][et_pb_row _builder_version=&#8221;4.16&#8243; global_colors_info=&#8221;{}&#8221;][et_pb_column type=&#8221;4_4&#8243; _builder_version=&#8221;4.16&#8243; global_colors_info=&#8221;{}&#8221;][et_pb_pricing_tables header_background_color=&#8221;#095329&#8243; show_bullet=&#8221;off&#8221; price_background_color=&#8221;#ffffff&#8221; _builder_version=&#8221;4.19.1&#8243; price_text_color=&#8221;#000000&#8243; header_text_color=&#8221;#ffffff&#8221; header_text_align=&#8221;center&#8221; header_font_size=&#8221;14px&#8221; header_line_height=&#8221;1.7em&#8221; body_text_align=&#8221;left&#8221; price_text_align=&#8221;center&#8221; price_font_size=&#8221;30px&#8221; price_line_height=&#8221;100px&#8221; background_color=&#8221;rgba(0,0,0,0)&#8221; border_width_all=&#8221;0px&#8221; border_color_all=&#8221;#ffffff&#8221; global_colors_info=&#8221;{}&#8221;][et_pb_pricing_table title=&#8221;Pranie dywan\u00f3w&#8221; sum=&#8221;25 z\u0142\/m2&#8243; _builder_version=&#8221;4.19.1&#8243; global_colors_info=&#8221;{}&#8221; sticky_transition=&#8221;on&#8221;]<\/p>\n<p>Trzepanie mechaniczne, pranie z szorowaniem, p\u0142ukanie, odwirowanie, suszenie<\/p>\n<p>[\/et_pb_pricing_table][et_pb_pricing_table title=&#8221;Us\u0142uga EXPRESOWA 48h&#8221; sum=&#8221;50 z\u0142 + cena prania&#8221; _builder_version=&#8221;4.16&#8243; global_colors_info=&#8221;{}&#8221; sticky_transition=&#8221;on&#8221;]<\/p>\n<p><span>Ekspresowe pranie dywan\u00f3w w 48 godzin przy dostawie i odbiorze przez klienta.<\/span><\/p>\n<p>[\/et_pb_pricing_table][et_pb_pricing_table title=&#8221;Pranie dywan\u00f3w orientalnych&#8221; sum=&#8221;45 z\u0142\/m2&#8243; _builder_version=&#8221;4.16&#8243; global_colors_info=&#8221;{}&#8221; sticky_transition=&#8221;on&#8221;]<\/p>\n<p>Nepal, Afganistan, Maroco, Iran, Pakistan, Tybet, itp. Pranie persk\u0105 metod\u0105.<\/p>\n<p>[\/et_pb_pricing_table][et_pb_pricing_table title=&#8221;Pranie mat wej\u015bciowych i wycieraczek&#8221; sum=&#8221;35 z\u0142\/m2&#8243; _builder_version=&#8221;4.16&#8243; global_colors_info=&#8221;{}&#8221; sticky_transition=&#8221;on&#8221;][\/et_pb_pricing_table][\/et_pb_pricing_tables][\/et_pb_column][\/et_pb_row][\/et_pb_section][et_pb_section fb_built=&#8221;1&#8243; fullwidth=&#8221;on&#8221; _builder_version=&#8221;4.16&#8243; global_colors_info=&#8221;{}&#8221;][et_pb_fullwidth_header title=&#8221;Us\u0142ugi dodatkowe&#8221; text_orientation=&#8221;center&#8221; _builder_version=&#8221;4.16&#8243; background_color=&#8221;#095329&#8243; global_colors_info=&#8221;{}&#8221;][\/et_pb_fullwidth_header][\/et_pb_section][et_pb_section fb_built=&#8221;1&#8243; _builder_version=&#8221;4.16&#8243; global_colors_info=&#8221;{}&#8221;][et_pb_row _builder_version=&#8221;4.16&#8243; global_colors_info=&#8221;{}&#8221;][et_pb_column type=&#8221;4_4&#8243; _builder_version=&#8221;4.16&#8243; global_colors_info=&#8221;{}&#8221;][et_pb_pricing_tables header_background_color=&#8221;#095329&#8243; show_bullet=&#8221;off&#8221; price_background_color=&#8221;#ffffff&#8221; _builder_version=&#8221;4.22.1&#8243; price_text_color=&#8221;#000000&#8243; header_text_color=&#8221;#ffffff&#8221; header_text_align=&#8221;center&#8221; header_font_size=&#8221;14px&#8221; header_line_height=&#8221;1.7em&#8221; body_text_align=&#8221;left&#8221; price_text_align=&#8221;center&#8221; price_font_size=&#8221;30px&#8221; price_line_height=&#8221;100px&#8221; background_color=&#8221;rgba(0,0,0,0)&#8221; border_width_all=&#8221;0px&#8221; global_colors_info=&#8221;{}&#8221;][et_pb_pricing_table title=&#8221;Impregnacja&#8221; sum=&#8221;4 z\u0142\/m2&#8243; _builder_version=&#8221;4.22.1&#8243; global_colors_info=&#8221;{}&#8221; sticky_transition=&#8221;on&#8221;]<\/p>\n<p>Zapobiega przenikaniu brudu w g\u0142\u0105b w\u0142\u00f3kien dywanu oraz nasyca kolory.<\/p>\n<p>[\/et_pb_pricing_table][et_pb_pricing_table title=&#8221;Ozonowanie&#8221; sum=&#8221;10 z\u0142 &#8221; _builder_version=&#8221;4.16&#8243; global_colors_info=&#8221;{}&#8221; sticky_transition=&#8221;on&#8221;]<\/p>\n<p>Polecane w przypadku dywan\u00f3w, kt\u00f3re zosta\u0142y nara\u017cone na zabrudzenia organiczne<\/p>\n<p>[\/et_pb_pricing_table][et_pb_pricing_table title=&#8221;Pakowanie w foli\u0119 stretch&#8221; sum=&#8221;2,50 z\u0142\/sztuka&#8221; _builder_version=&#8221;4.16&#8243; global_colors_info=&#8221;{}&#8221; sticky_transition=&#8221;on&#8221;][\/et_pb_pricing_table][et_pb_pricing_table title=&#8221;Neutralizacja zapachu&#8221; sum=&#8221;5 z\u0142\/m2&#8243; _builder_version=&#8221;4.16&#8243; global_colors_info=&#8221;{}&#8221; sticky_transition=&#8221;on&#8221;]<\/p>\n<p>Namaczanie dywanu w \u015brodku, kt\u00f3rego zadaniem jest zatrzymanie rozwoju bakterii lub proces\u00f3w gnilnych.<\/p>\n<p>[\/et_pb_pricing_table][\/et_pb_pricing_tables][\/et_pb_column][\/et_pb_row][\/et_pb_section][et_pb_section fb_built=&#8221;1&#8243; fullwidth=&#8221;on&#8221; _builder_version=&#8221;4.16&#8243; global_colors_info=&#8221;{}&#8221;][et_pb_fullwidth_header title=&#8221;Pozosta\u0142e informacje&#8221; text_orientation=&#8221;center&#8221; _builder_version=&#8221;4.16&#8243; background_color=&#8221;#095329&#8243; global_colors_info=&#8221;{}&#8221;][\/et_pb_fullwidth_header][\/et_pb_section][et_pb_section fb_built=&#8221;1&#8243; _builder_version=&#8221;4.16&#8243; global_colors_info=&#8221;{}&#8221;][et_pb_row _builder_version=&#8221;4.16&#8243; global_colors_info=&#8221;{}&#8221;][et_pb_column type=&#8221;4_4&#8243; _builder_version=&#8221;4.16&#8243; global_colors_info=&#8221;{}&#8221;][et_pb_text _builder_version=&#8221;4.16&#8243; global_colors_info=&#8221;{}&#8221;]<\/p>\n<h2>W cen\u0119 transportu wliczone zosta\u0142o r\u00f3wnie\u017c:<\/h2>\n<ul>\n<li>Zwini\u0119cie i rozwini\u0119cie dywanu<\/li>\n<li>Zniesienie i wniesienie dywanu do domu\/mieszkania<\/li>\n<li>Pomoc w wyci\u0105gni\u0119ciu dywanu spod mebli<\/li>\n<li>Dywany poni\u017cej 1m2 liczone s\u0105 jako 1m2.<\/li>\n<\/ul>\n<p><strong>Dywany wiskozowe przyjmowane s\u0105 warunkowo i wy\u0142\u0105cznie na odpowiedzialno\u015b\u0107 Klienta.<\/strong><\/p>\n<p>[\/et_pb_text][\/et_pb_column][\/et_pb_row][\/et_pb_section]<\/p>\n","protected":false},"excerpt":{"rendered":"<p>Trzepanie mechaniczne, pranie z szorowaniem, p\u0142ukanie, odwirowanie, suszenieEkspresowe pranie dywan\u00f3w w 48 godzin przy dostawie i odbiorze przez klienta.Nepal, Afganistan, Maroco, Iran, Pakistan, Tybet, itp. Pranie persk\u0105 metod\u0105.Zapobiega przenikaniu brudu w g\u0142\u0105b w\u0142\u00f3kien dywanu oraz nasyca kolory.Polecane w przypadku dywan\u00f3w, kt\u00f3re zosta\u0142y nara\u017cone na zabrudzenia organiczneNamaczanie dywanu w \u015brodku, kt\u00f3rego zadaniem jest zatrzymanie rozwoju bakterii [&hellip;]<\/p>\n","protected":false},"author":1,"featured_media":0,"parent":0,"menu_order":0,"comment_status":"closed","ping_status":"closed","template":"","meta":{"_et_pb_use_builder":"on","_et_pb_old_content":"","_et_gb_content_width":"","footnotes":""},"class_list":["post-19","page","type-page","status-publish","hentry"],"_links":{"self":[{"href":"https:\/\/czystedywany.net\/index.php\/wp-json\/wp\/v2\/pages\/19","targetHints":{"allow":["GET"]}}],"collection":[{"href":"https:\/\/czystedywany.net\/index.php\/wp-json\/wp\/v2\/pages"}],"about":[{"href":"https:\/\/czystedywany.net\/index.php\/wp-json\/wp\/v2\/types\/page"}],"author":[{"embeddable":true,"href":"https:\/\/czystedywany.net\/index.php\/wp-json\/wp\/v2\/users\/1"}],"replies":[{"embeddable":true,"href":"https:\/\/czystedywany.net\/index.php\/wp-json\/wp\/v2\/comments?post=19"}],"version-history":[{"count":28,"href":"https:\/\/czystedywany.net\/index.php\/wp-json\/wp\/v2\/pages\/19\/revisions"}],"predecessor-version":[{"id":443,"href":"https:\/\/czystedywany.net\/index.php\/wp-json\/wp\/v2\/pages\/19\/revisions\/443"}],"wp:attachment":[{"href":"https:\/\/czystedywany.net\/index.php\/wp-json\/wp\/v2\/media?parent=19"}],"curies":[{"name":"wp","href":"https:\/\/api.w.org\/{rel}","templated":true}]}}