{"id":28,"date":"2019-12-10T19:53:42","date_gmt":"2019-12-10T18:53:42","guid":{"rendered":"http:\/\/czystedywany.net\/?page_id=28"},"modified":"2019-12-17T20:21:59","modified_gmt":"2019-12-17T19:21:59","slug":"pranie-tapicerki-samochodowej","status":"publish","type":"page","link":"https:\/\/czystedywany.net\/index.php\/pranie-tapicerki-samochodowej\/","title":{"rendered":"Pranie tapicerki samochodowej"},"content":{"rendered":"<p>[et_pb_section fb_built=&#8221;1&#8243; admin_label=&#8221;Hero&#8221; _builder_version=&#8221;4.0.9&#8243; use_background_color_gradient=&#8221;on&#8221; background_color_gradient_start=&#8221;rgba(40,40,40,0.79)&#8221; background_color_gradient_end=&#8221;rgba(40,40,40,0.86)&#8221; background_color_gradient_type=&#8221;radial&#8221; background_color_gradient_direction_radial=&#8221;top left&#8221; background_color_gradient_overlays_image=&#8221;on&#8221; background_image=&#8221;http:\/\/czystedywany.net\/wp-content\/uploads\/2019\/12\/tapeta-wnetrze-samochodu-lexus-ls-500h-rocznik-2017.jpg&#8221; custom_margin=&#8221;||||false&#8221; custom_padding=&#8221;10vw||10vw||true|false&#8221;][et_pb_row _builder_version=&#8221;3.25&#8243;][et_pb_column type=&#8221;4_4&#8243; _builder_version=&#8221;3.25&#8243; custom_padding=&#8221;|||&#8221; custom_padding__hover=&#8221;|||&#8221;][et_pb_text _builder_version=&#8221;4.0.9&#8243; text_font=&#8221;||||||||&#8221; header_font=&#8221;Rubik|700|||||||&#8221; header_font_size=&#8221;64px&#8221; header_line_height=&#8221;1.1em&#8221; background_layout=&#8221;dark&#8221; max_width=&#8221;800px&#8221; custom_margin=&#8221;|-332px|0px|||&#8221; custom_padding=&#8221;|0px||16px||&#8221; text_font_size_tablet=&#8221;14px&#8221; text_font_size_last_edited=&#8221;off|desktop&#8221; header_font_size_tablet=&#8221;44px&#8221; header_font_size_phone=&#8221;32px&#8221; header_font_size_last_edited=&#8221;on|phone&#8221; border_color_all=&#8221;#ffb400&#8243; border_width_left=&#8221;10px&#8221;]<\/p>\n<h1>Pranie tapicerki samochodowej<\/h1>\n<p>[\/et_pb_text][et_pb_text _builder_version=&#8221;3.27.4&#8243; text_font=&#8221;||||||||&#8221; text_font_size=&#8221;22px&#8221; text_line_height=&#8221;1.6em&#8221; header_font=&#8221;||||||||&#8221; background_layout=&#8221;dark&#8221; max_width=&#8221;800px&#8221; custom_margin=&#8221;|||&#8221; custom_padding=&#8221;20px||20px||true&#8221; text_font_size_tablet=&#8221;18px&#8221; text_font_size_phone=&#8221;&#8221; text_font_size_last_edited=&#8221;on|phone&#8221;][\/et_pb_text][\/et_pb_column][\/et_pb_row][\/et_pb_section][et_pb_section fb_built=&#8221;1&#8243; _builder_version=&#8221;4.0.9&#8243;][et_pb_row _builder_version=&#8221;4.0.9&#8243;][et_pb_column type=&#8221;4_4&#8243; _builder_version=&#8221;4.0.9&#8243;][et_pb_text _builder_version=&#8221;4.0.9&#8243;]<\/p>\n<p><strong>Po wcze\u015bniejszym odkurzeniu dzi\u0119ki naszemu do\u015bwiadczeniu jeste\u015bmy w stanie wypra\u0107 ka\u017cdy rodzaj tapicerki samochodowej.<\/strong><\/p>\n<ul>\n<li>Czas prania tapicerki jest uzale\u017cniony od wielko\u015bci pojazdu.<\/li>\n<li>Po ka\u017cdym praniu samochodu czekamy a\u017c zostanie wysuszony a nast\u0119pnie jest oddawany klientowi<\/li>\n<li>Pranie podsufitki nie jest zawarte w cenie- poniewa\u017c nie ka\u017cdy typ mo\u017cna wypra\u0107<\/li>\n<li>Us\u0142uga obejmuje pranie foteli prz\u00f3d, ty\u0142, boczki tapicerowane, baga\u017cnik, pod\u0142oga i dywaniki<\/li>\n<li>Przed praniem tapicerki ca\u0142o\u015b\u0107 jest bardzo dok\u0142adnie odkurzana<\/li>\n<li>U\u017cycie odpowiednich ko\u0144c\u00f3wek szczelinowych umo\u017cliwiaj\u0105 nam dost\u0119p do trudno dost\u0119pnych miejsc dzi\u0119ki czemu nie jest konieczny demonta\u017c siedze\u0144<\/li>\n<\/ul>\n<p><strong>Us\u0142uga mo\u017ce by\u0107 wykonana u nas w pralni po wcze\u015bniejszym ustaleniu terminu.\u00a0<\/strong><\/p>\n<p>[\/et_pb_text][\/et_pb_column][\/et_pb_row][\/et_pb_section]<\/p>\n","protected":false},"excerpt":{"rendered":"<p>Pranie tapicerki samochodowejPo wcze\u015bniejszym odkurzeniu dzi\u0119ki naszemu do\u015bwiadczeniu jeste\u015bmy w stanie wypra\u0107 ka\u017cdy rodzaj tapicerki samochodowej. Czas prania tapicerki jest uzale\u017cniony od wielko\u015bci pojazdu. Po ka\u017cdym praniu samochodu czekamy a\u017c zostanie wysuszony a nast\u0119pnie jest oddawany klientowi Pranie podsufitki nie jest zawarte w cenie- poniewa\u017c nie ka\u017cdy typ mo\u017cna wypra\u0107 Us\u0142uga obejmuje pranie foteli prz\u00f3d, [&hellip;]<\/p>\n","protected":false},"author":1,"featured_media":0,"parent":0,"menu_order":0,"comment_status":"closed","ping_status":"closed","template":"","meta":{"_et_pb_use_builder":"on","_et_pb_old_content":"","_et_gb_content_width":"","footnotes":""},"class_list":["post-28","page","type-page","status-publish","hentry"],"_links":{"self":[{"href":"https:\/\/czystedywany.net\/index.php\/wp-json\/wp\/v2\/pages\/28","targetHints":{"allow":["GET"]}}],"collection":[{"href":"https:\/\/czystedywany.net\/index.php\/wp-json\/wp\/v2\/pages"}],"about":[{"href":"https:\/\/czystedywany.net\/index.php\/wp-json\/wp\/v2\/types\/page"}],"author":[{"embeddable":true,"href":"https:\/\/czystedywany.net\/index.php\/wp-json\/wp\/v2\/users\/1"}],"replies":[{"embeddable":true,"href":"https:\/\/czystedywany.net\/index.php\/wp-json\/wp\/v2\/comments?post=28"}],"version-history":[{"count":6,"href":"https:\/\/czystedywany.net\/index.php\/wp-json\/wp\/v2\/pages\/28\/revisions"}],"predecessor-version":[{"id":379,"href":"https:\/\/czystedywany.net\/index.php\/wp-json\/wp\/v2\/pages\/28\/revisions\/379"}],"wp:attachment":[{"href":"https:\/\/czystedywany.net\/index.php\/wp-json\/wp\/v2\/media?parent=28"}],"curies":[{"name":"wp","href":"https:\/\/api.w.org\/{rel}","templated":true}]}}