{"id":30,"date":"2019-12-10T19:54:12","date_gmt":"2019-12-10T18:54:12","guid":{"rendered":"http:\/\/czystedywany.net\/?page_id=30"},"modified":"2019-12-17T20:21:36","modified_gmt":"2019-12-17T19:21:36","slug":"czyszczenie-i-konserwacja-tapicerki-skorzanej","status":"publish","type":"page","link":"https:\/\/czystedywany.net\/index.php\/czyszczenie-i-konserwacja-tapicerki-skorzanej\/","title":{"rendered":"Czyszczenie i konserwacja tapicerki sk\u00f3rzanej"},"content":{"rendered":"<p>[et_pb_section fb_built=&#8221;1&#8243; admin_label=&#8221;Hero&#8221; _builder_version=&#8221;4.0.9&#8243; use_background_color_gradient=&#8221;on&#8221; background_color_gradient_start=&#8221;rgba(40,40,40,0.79)&#8221; background_color_gradient_end=&#8221;rgba(40,40,40,0.86)&#8221; background_color_gradient_type=&#8221;radial&#8221; background_color_gradient_direction_radial=&#8221;top left&#8221; background_color_gradient_overlays_image=&#8221;on&#8221; background_image=&#8221;http:\/\/czystedywany.net\/wp-content\/uploads\/2019\/12\/dion-sofa-skorzana-komplet-wypoczynkowy-skorzany-mini-scaled.jpg&#8221; custom_margin=&#8221;||||false&#8221; custom_padding=&#8221;10vw||10vw||true|false&#8221;][et_pb_row _builder_version=&#8221;3.25&#8243;][et_pb_column type=&#8221;4_4&#8243; _builder_version=&#8221;3.25&#8243; custom_padding=&#8221;|||&#8221; custom_padding__hover=&#8221;|||&#8221;][et_pb_text _builder_version=&#8221;4.0.9&#8243; text_font=&#8221;||||||||&#8221; header_font=&#8221;Rubik|700|||||||&#8221; header_font_size=&#8221;64px&#8221; header_line_height=&#8221;1.1em&#8221; background_layout=&#8221;dark&#8221; max_width=&#8221;800px&#8221; custom_margin=&#8221;|-332px|0px|||&#8221; custom_padding=&#8221;|0px||16px||&#8221; text_font_size_tablet=&#8221;14px&#8221; text_font_size_last_edited=&#8221;off|desktop&#8221; header_font_size_tablet=&#8221;44px&#8221; header_font_size_phone=&#8221;32px&#8221; header_font_size_last_edited=&#8221;on|phone&#8221; border_color_all=&#8221;#ffb400&#8243; border_width_left=&#8221;10px&#8221;]<\/p>\n<h1>Czyszczenie i konserwacja tapicerki sk\u00f3rzanej<\/h1>\n<p>[\/et_pb_text][et_pb_text _builder_version=&#8221;3.27.4&#8243; text_font=&#8221;||||||||&#8221; text_font_size=&#8221;22px&#8221; text_line_height=&#8221;1.6em&#8221; header_font=&#8221;||||||||&#8221; background_layout=&#8221;dark&#8221; max_width=&#8221;800px&#8221; custom_margin=&#8221;|||&#8221; custom_padding=&#8221;20px||20px||true&#8221; text_font_size_tablet=&#8221;18px&#8221; text_font_size_phone=&#8221;&#8221; text_font_size_last_edited=&#8221;on|phone&#8221;][\/et_pb_text][\/et_pb_column][\/et_pb_row][\/et_pb_section][et_pb_section fb_built=&#8221;1&#8243; _builder_version=&#8221;4.0.9&#8243;][et_pb_row _builder_version=&#8221;4.0.9&#8243;][et_pb_column type=&#8221;4_4&#8243; _builder_version=&#8221;4.0.9&#8243;][et_pb_text _builder_version=&#8221;4.0.9&#8243;]<\/p>\n<p>Twoja sk\u00f3rzana sofa r\u00f3wnie\u017c wymaga okresowych zabieg\u00f3w piel\u0119gnacyjnych.<\/p>\n<p>\u017beby nasza tapicerka mia\u0142a jak najd\u0142u\u017cej estetyczny wygl\u0105d powinni\u015bmy o ni\u0105 zadba\u0107 w odpowiedni spos\u00f3b.\u00a0<\/p>\n<p>Podczas wykonywania us\u0142ugi wyczy\u015bcimy i odpowiednio zabezpieczymy Twoj\u0105 sk\u00f3rzan\u0105 tapicerk\u0119.<\/p>\n<p>[\/et_pb_text][\/et_pb_column][\/et_pb_row][\/et_pb_section]<\/p>\n","protected":false},"excerpt":{"rendered":"<p>Czyszczenie i konserwacja tapicerki sk\u00f3rzanejTwoja sk\u00f3rzana sofa r\u00f3wnie\u017c wymaga okresowych zabieg\u00f3w piel\u0119gnacyjnych. \u017beby nasza tapicerka mia\u0142a jak najd\u0142u\u017cej estetyczny wygl\u0105d powinni\u015bmy o ni\u0105 zadba\u0107 w odpowiedni spos\u00f3b.\u00a0 Podczas wykonywania us\u0142ugi wyczy\u015bcimy i odpowiednio zabezpieczymy Twoj\u0105 sk\u00f3rzan\u0105 tapicerk\u0119.<\/p>\n","protected":false},"author":1,"featured_media":0,"parent":0,"menu_order":0,"comment_status":"closed","ping_status":"closed","template":"","meta":{"_et_pb_use_builder":"on","_et_pb_old_content":"","_et_gb_content_width":"","footnotes":""},"class_list":["post-30","page","type-page","status-publish","hentry"],"_links":{"self":[{"href":"https:\/\/czystedywany.net\/index.php\/wp-json\/wp\/v2\/pages\/30","targetHints":{"allow":["GET"]}}],"collection":[{"href":"https:\/\/czystedywany.net\/index.php\/wp-json\/wp\/v2\/pages"}],"about":[{"href":"https:\/\/czystedywany.net\/index.php\/wp-json\/wp\/v2\/types\/page"}],"author":[{"embeddable":true,"href":"https:\/\/czystedywany.net\/index.php\/wp-json\/wp\/v2\/users\/1"}],"replies":[{"embeddable":true,"href":"https:\/\/czystedywany.net\/index.php\/wp-json\/wp\/v2\/comments?post=30"}],"version-history":[{"count":4,"href":"https:\/\/czystedywany.net\/index.php\/wp-json\/wp\/v2\/pages\/30\/revisions"}],"predecessor-version":[{"id":378,"href":"https:\/\/czystedywany.net\/index.php\/wp-json\/wp\/v2\/pages\/30\/revisions\/378"}],"wp:attachment":[{"href":"https:\/\/czystedywany.net\/index.php\/wp-json\/wp\/v2\/media?parent=30"}],"curies":[{"name":"wp","href":"https:\/\/api.w.org\/{rel}","templated":true}]}}