{"id":32,"date":"2019-12-10T19:54:47","date_gmt":"2019-12-10T18:54:47","guid":{"rendered":"http:\/\/czystedywany.net\/?page_id=32"},"modified":"2019-12-17T20:22:25","modified_gmt":"2019-12-17T19:22:25","slug":"pranie-wozkow-i-fotelikow","status":"publish","type":"page","link":"https:\/\/czystedywany.net\/index.php\/pranie-wozkow-i-fotelikow\/","title":{"rendered":"Pranie w\u00f3zk\u00f3w i fotelik\u00f3w dzieci\u0119cych"},"content":{"rendered":"<p>[et_pb_section fb_built=&#8221;1&#8243; admin_label=&#8221;Hero&#8221; _builder_version=&#8221;4.0.9&#8243; use_background_color_gradient=&#8221;on&#8221; background_color_gradient_start=&#8221;rgba(40,40,40,0.79)&#8221; background_color_gradient_end=&#8221;rgba(40,40,40,0.86)&#8221; background_color_gradient_type=&#8221;radial&#8221; background_color_gradient_direction_radial=&#8221;top left&#8221; background_color_gradient_overlays_image=&#8221;on&#8221; background_image=&#8221;http:\/\/czystedywany.net\/wp-content\/uploads\/2019\/12\/dc58b09e4e5eb3d419a63d1b059dd5e3.jpg&#8221; custom_margin=&#8221;||||false&#8221; custom_padding=&#8221;10vw||10vw||true|false&#8221;][et_pb_row _builder_version=&#8221;3.25&#8243;][et_pb_column type=&#8221;4_4&#8243; _builder_version=&#8221;3.25&#8243; custom_padding=&#8221;|||&#8221; custom_padding__hover=&#8221;|||&#8221;][et_pb_text _builder_version=&#8221;4.0.9&#8243; text_font=&#8221;||||||||&#8221; header_font=&#8221;Rubik|700|||||||&#8221; header_font_size=&#8221;64px&#8221; header_line_height=&#8221;1.1em&#8221; background_layout=&#8221;dark&#8221; max_width=&#8221;800px&#8221; custom_margin=&#8221;|-332px|0px|||&#8221; custom_padding=&#8221;|0px||16px||&#8221; text_font_size_tablet=&#8221;14px&#8221; text_font_size_last_edited=&#8221;off|desktop&#8221; header_font_size_tablet=&#8221;44px&#8221; header_font_size_phone=&#8221;32px&#8221; header_font_size_last_edited=&#8221;on|phone&#8221; border_color_all=&#8221;#ffb400&#8243; border_width_left=&#8221;10px&#8221;]<\/p>\n<h1>Czyszczenie i dezynfekcja w\u00f3zk\u00f3w i fotelik\u00f3w dzieci\u0119cych<\/h1>\n<p>[\/et_pb_text][et_pb_text _builder_version=&#8221;3.27.4&#8243; text_font=&#8221;||||||||&#8221; text_font_size=&#8221;22px&#8221; text_line_height=&#8221;1.6em&#8221; header_font=&#8221;||||||||&#8221; background_layout=&#8221;dark&#8221; max_width=&#8221;800px&#8221; custom_margin=&#8221;|||&#8221; custom_padding=&#8221;20px||20px||true&#8221; text_font_size_tablet=&#8221;18px&#8221; text_font_size_phone=&#8221;&#8221; text_font_size_last_edited=&#8221;on|phone&#8221;][\/et_pb_text][\/et_pb_column][\/et_pb_row][\/et_pb_section][et_pb_section fb_built=&#8221;1&#8243; _builder_version=&#8221;4.0.9&#8243;][et_pb_row _builder_version=&#8221;4.0.9&#8243;][et_pb_column type=&#8221;4_4&#8243; _builder_version=&#8221;4.0.9&#8243;][et_pb_text _builder_version=&#8221;4.0.9&#8243;]<\/p>\n<p>W\u00f3zki i foteliki dzieci\u0119ce przeznaczone do transportu dzieci powinny by\u0107 regularnie prane samodzielnie lub oddawane do specjalnych firm kt\u00f3re si\u0119 tym zajmuj\u0105.\u00a0<span style=\"font-size: 14px;\">Po d\u0142u\u017cszym okresie nieczyszczenia mog\u0105 si\u0119 w nich rozwin\u0105\u0107 siedliska r\u00f3\u017cnych bakterii, kt\u00f3re rozwijaj\u0105 si\u0119 przez zabrudzenia pochodzenia biologicznego.<\/span><\/p>\n<p>Dzi\u0119ki nam w\u00f3zek i fotelik Twojego dziecka przejdzie proces prania ekstrakcyjnego a nast\u0119pnie dezynfekcj\u0119 kt\u00f3ra usunie wszystkie zarazki.<span style=\"font-size: 14px;\"><\/span><\/p>\n<p><span style=\"font-size: 14px;\"><\/span><\/p>\n<p>[\/et_pb_text][\/et_pb_column][\/et_pb_row][\/et_pb_section]<\/p>\n","protected":false},"excerpt":{"rendered":"<p>Czyszczenie i dezynfekcja w\u00f3zk\u00f3w i fotelik\u00f3w dzieci\u0119cychW\u00f3zki i foteliki dzieci\u0119ce przeznaczone do transportu dzieci powinny by\u0107 regularnie prane samodzielnie lub oddawane do specjalnych firm kt\u00f3re si\u0119 tym zajmuj\u0105.\u00a0Po d\u0142u\u017cszym okresie nieczyszczenia mog\u0105 si\u0119 w nich rozwin\u0105\u0107 siedliska r\u00f3\u017cnych bakterii, kt\u00f3re rozwijaj\u0105 si\u0119 przez zabrudzenia pochodzenia biologicznego. Dzi\u0119ki nam w\u00f3zek i fotelik Twojego dziecka przejdzie proces [&hellip;]<\/p>\n","protected":false},"author":1,"featured_media":0,"parent":0,"menu_order":0,"comment_status":"closed","ping_status":"closed","template":"","meta":{"_et_pb_use_builder":"on","_et_pb_old_content":"","_et_gb_content_width":"","footnotes":""},"class_list":["post-32","page","type-page","status-publish","hentry"],"_links":{"self":[{"href":"https:\/\/czystedywany.net\/index.php\/wp-json\/wp\/v2\/pages\/32","targetHints":{"allow":["GET"]}}],"collection":[{"href":"https:\/\/czystedywany.net\/index.php\/wp-json\/wp\/v2\/pages"}],"about":[{"href":"https:\/\/czystedywany.net\/index.php\/wp-json\/wp\/v2\/types\/page"}],"author":[{"embeddable":true,"href":"https:\/\/czystedywany.net\/index.php\/wp-json\/wp\/v2\/users\/1"}],"replies":[{"embeddable":true,"href":"https:\/\/czystedywany.net\/index.php\/wp-json\/wp\/v2\/comments?post=32"}],"version-history":[{"count":8,"href":"https:\/\/czystedywany.net\/index.php\/wp-json\/wp\/v2\/pages\/32\/revisions"}],"predecessor-version":[{"id":380,"href":"https:\/\/czystedywany.net\/index.php\/wp-json\/wp\/v2\/pages\/32\/revisions\/380"}],"wp:attachment":[{"href":"https:\/\/czystedywany.net\/index.php\/wp-json\/wp\/v2\/media?parent=32"}],"curies":[{"name":"wp","href":"https:\/\/api.w.org\/{rel}","templated":true}]}}